{"id":12,"date":"2020-01-13T18:33:43","date_gmt":"2020-01-13T17:33:43","guid":{"rendered":"http:\/\/esferas.org\/mldt\/?page_id=12"},"modified":"2020-01-13T18:33:43","modified_gmt":"2020-01-13T17:33:43","slug":"sobre-mi-y-el-sitio","status":"publish","type":"page","link":"https:\/\/esferas.org\/mldt\/sobre-mi-y-el-sitio\/","title":{"rendered":"Sobre m\u00ed y el sitio"},"content":{"rendered":"\n<p>No hay mucho que desvelar sobre m\u00ed. O s\u00ed, no lo tengo claro. <\/p>\n\n\n\n<p>Pero sobre el sitio s\u00ed que se puede hablar un poco m\u00e1s. Funciona bajo WordPress, como el resto de los <a href=\"https:\/\/esferas.org\">blogs<\/a>, y alojado en uno de mis servidores alquilados a <a href=\"https:\/\/www.digitalocean.com\">Digital Ocean<\/a>. <\/p>\n\n\n\n<p>El tema elegido es Noteskin, de <a href=\"http:\/\/pinczek.pl\/\">Arkadiusz Zalewski<\/a>, porque me ha parecido muy simple para lo que pretendo escribir aqu\u00ed. S\u00ed, como si fuese una libreta de notas en la que voy apuntando cosas seg\u00fan me surgen.<\/p>\n\n\n\n<p>Respecto al tema de cabecera, he buscado im\u00e1genes de ruinas que pudiesen encajar en lo que pienso del lugar donde trabajo y he encontrado la siguiente:<\/p>\n\n\n\n<p style=\"font-size: 0.9rem;font-style: italic;\"><img decoding=\"async\" style=\"display: block;\" src=\"https:\/\/farm8.staticflickr.com\/7103\/13429759623_2befd9cf9f_b.jpg\" alt=\"Ruin\"\/><a href=\"https:\/\/www.flickr.com\/photos\/21600077@N06\/13429759623\">\u00abRuin\u00bb<\/a><span> by <a href=\"https:\/\/www.flickr.com\/photos\/21600077@N06\">Gustible<\/a><\/span> is licensed under <a href=\"https:\/\/creativecommons.org\/licenses\/by-nc-sa\/2.0\/?ref=ccsearch&#038;atype=html\" style=\"margin-right: 5px;\">CC BY-NC-SA 2.0<\/a><a href=\"https:\/\/creativecommons.org\/licenses\/by-nc-sa\/2.0\/?ref=ccsearch&#038;atype=html\" target=\"_blank\" rel=\"noopener noreferrer\" style=\"display: inline-block;white-space: none;margin-top: 2px;margin-left: 3px;height: 22px !important;\"><img decoding=\"async\" style=\"height: inherit;margin-right: 3px;display: inline-block;\" src=\"https:\/\/search.creativecommons.org\/static\/img\/cc_icon.svg\" \/><img decoding=\"async\" style=\"height: inherit;margin-right: 3px;display: inline-block;\" src=\"https:\/\/search.creativecommons.org\/static\/img\/cc-by_icon.svg\" \/><img decoding=\"async\" style=\"height: inherit;margin-right: 3px;display: inline-block;\" src=\"https:\/\/search.creativecommons.org\/static\/img\/cc-nc_icon.svg\" \/><img decoding=\"async\" style=\"height: inherit;margin-right: 3px;display: inline-block;\" src=\"https:\/\/search.creativecommons.org\/static\/img\/cc-sa_icon.svg\" \/><\/a><\/p>\n\n\n\n<p><\/p>\n","protected":false},"excerpt":{"rendered":"<p>No hay mucho que desvelar sobre m\u00ed. O s\u00ed, no lo tengo claro. Pero sobre el sitio s\u00ed que se puede hablar un poco m\u00e1s. Funciona bajo WordPress, como el resto de los blogs, y alojado en uno de mis servidores alquilados a Digital Ocean. El tema elegido es Noteskin, de Arkadiusz Zalewski, porque me&#8230;<\/p>\n<p><a class=\"more-link\" href=\"https:\/\/esferas.org\/mldt\/sobre-mi-y-el-sitio\/\">Continue&nbsp;<i class=\"fa fa-angle-right\"><\/i><\/a><\/p>\n","protected":false},"author":1,"featured_media":0,"parent":0,"menu_order":0,"comment_status":"closed","ping_status":"closed","template":"","meta":{"webmentions_disabled_pings":false,"webmentions_disabled":false,"footnotes":""},"class_list":["post-12","page","type-page","status-publish","hentry","content-box"],"_links":{"self":[{"href":"https:\/\/esferas.org\/mldt\/wp-json\/wp\/v2\/pages\/12","targetHints":{"allow":["GET"]}}],"collection":[{"href":"https:\/\/esferas.org\/mldt\/wp-json\/wp\/v2\/pages"}],"about":[{"href":"https:\/\/esferas.org\/mldt\/wp-json\/wp\/v2\/types\/page"}],"author":[{"embeddable":true,"href":"https:\/\/esferas.org\/mldt\/wp-json\/wp\/v2\/users\/1"}],"replies":[{"embeddable":true,"href":"https:\/\/esferas.org\/mldt\/wp-json\/wp\/v2\/comments?post=12"}],"version-history":[{"count":3,"href":"https:\/\/esferas.org\/mldt\/wp-json\/wp\/v2\/pages\/12\/revisions"}],"predecessor-version":[{"id":15,"href":"https:\/\/esferas.org\/mldt\/wp-json\/wp\/v2\/pages\/12\/revisions\/15"}],"wp:attachment":[{"href":"https:\/\/esferas.org\/mldt\/wp-json\/wp\/v2\/media?parent=12"}],"curies":[{"name":"wp","href":"https:\/\/api.w.org\/{rel}","templated":true}]}}