{"id":593,"date":"2022-01-02T11:56:16","date_gmt":"2022-01-02T10:56:16","guid":{"rendered":"https:\/\/esferas.org\/mldt\/?p=593"},"modified":"2022-03-21T07:16:03","modified_gmt":"2022-03-21T06:16:03","slug":"cosas-pendientes","status":"publish","type":"page","link":"https:\/\/esferas.org\/mldt\/cosas-pendientes\/","title":{"rendered":"Cosas pendientes"},"content":{"rendered":"\n<p>Pretendo que esta entrada, fija en el men\u00fa del blog, me sirva como recordatorio de las cosas que tengo pendientes de acabar y que puedan tener un final concreto. Es decir, los desarrollos no porque \u00e9stos, por definici\u00f3n, son eternos. <\/p>\n\n\n\n<p>Seg\u00fan se acaben los ir\u00e9 desplazando a una secci\u00f3n m\u00e1s abajo. <\/p>\n\n\n\n<h3 class=\"wp-block-heading\" id=\"urgente\">Urgente<\/h3>\n\n\n\n<ul class=\"wp-block-list\"><li>An\u00e1lisis de estado de Adriano<\/li><\/ul>\n\n\n\n<h3 class=\"wp-block-heading\">Pendiente<\/h3>\n\n\n\n<ol class=\"wp-block-list\"><li>Separar los equipos por direcciones de red para poder separar el tr\u00e1fico llegado el caso<\/li><li>Instalar y probar los paquetes para gestionar certificados digitales en la red<\/li><li>Construir un informe de qu\u00e9 clientes nuevos no han aceptado las condiciones de uso y de protecci\u00f3n de datos y enviarlo a los comerciales.<\/li><li>Arreglar accesos VNC a extranjero y almacen.<\/li><li>Configurar soluci\u00f3n ofim\u00e1tica en la red de la empresa: <ol><li>Nextcloud + Collabora <\/li><li>Integrar el software de Nextcloud con el servidor de documentos docs.venexma.net (que para eso est\u00e1)<\/li><li>Instalar software para acceso a contrase\u00f1as de la empresa en password.venexma.net: decidido empleo de aplicaci\u00f3n de contrase\u00f1as en Nextcloud para compartirlas. <\/li><\/ol><\/li><li>Instalar mensajer\u00eda interna (v\u00eda XMPP) con posibilidad de adjuntos.<\/li><li>Configurar y usar un IDS como suricata en barbacana.<\/li><li>Arreglar servicio impresor en sigfrido.venexma.net para no preocuparme de \u00e9l tras un reinicio.<\/li><\/ol>\n\n\n\n<h3 class=\"wp-block-heading\" id=\"de-temporada\">Completado pero pendiente de revisi\u00f3n<\/h3>\n\n\n\n<ol class=\"wp-block-list\"><li>Env\u00edo de correos desde el esc\u00e1ner de la impresora Kyocera: configurar servidor venexma.net para enviar a venexma.es v\u00eda Google y Gandi<\/li><\/ol>\n\n\n\n<h3 class=\"wp-block-heading\" id=\"completado\">Completado <\/h3>\n\n\n\n<ul class=\"wp-block-list\"><li>Modelo 347: <ul><li>Generaci\u00f3n de datos: comprobada<\/li><li>Generaci\u00f3n de cartas: asignado a muchacho externo 2 y completado<\/li><li>Eliminar la asignaci\u00f3n de totales a cobros\/pagos en met\u00e1lico y ponerlos todos en totales como los otros a\u00f1os.<\/li><\/ul><\/li><li>Averiguar qu\u00e9 el ocurre al servidor secundario para que est\u00e9 m\u00e1s tiempo ocupado que siendo \u00fatil.<\/li><li>Configurar acceso v\u00eda NFS y autofs a las m\u00e1quinas Linux clientes.<\/li><li>Arreglar el servicio de monitorizaci\u00f3n porque sigue sin mostrar los gr\u00e1ficos de carga. Pr\u00e1cticamente se ha arreglado s\u00f3lo tal y como yo esperaba porque era un asunto de simple reconstrucci\u00f3n de los gr\u00e1ficos. <\/li><li>Asignar c\u00f3digos de paises a los productos para la nueva versi\u00f3n de Intrastat<\/li><li>Encargar hardware nuevo: impresora l\u00e1ser para inform\u00e1tica, conector bluetooth usb y auriculares para puesto de Lidia.<\/li><li>Declaraci\u00f3n de Ecoembes (fecha l\u00edmite para entregar el d\u00eda 28 de febrero)<\/li><li>Modelo 347: <ul><li><s>Generaci\u00f3n de datos: comprobada<\/s><\/li><li><s>Env\u00edo de cartas: a falta de completar c\u00f3digo Perl para env\u00edos masivos. Al final, debido a mi tardanza en arreglar el servidor de correo las imprimen y las lanzan<\/s>.<\/li><li><s>Presentaci\u00f3n de la declaraci\u00f3n<\/s>.<\/li><\/ul><\/li><li>Instalar generaci\u00f3n de estad\u00edsticas en todos los servidores PostgreSQL, pero especialmente en el principal.<\/li><li>P\u00e1gina de inicio completa en venexma.net interior y personalizada para algunos usuarios: mezcla de Homer, est\u00e1tica, y Heimdall, modificable por usuario.<\/li><li>Intrastat (de nuevo):<ul><li><code><s>Lectura de pesos de los art\u00edculos<\/s><\/code><\/li><li><s>Excluir movimientos cuyo pa\u00eds de origen no est\u00e1 en la UE<\/s><\/li><\/ul><\/li><li>Obtener certificados digitales comod\u00edn con gandi.net<\/li><\/ul>\n\n\n\n<p><\/p>\n","protected":false},"excerpt":{"rendered":"<p>Pretendo que esta entrada, fija en el men\u00fa del blog, me sirva como recordatorio de las cosas que tengo pendientes de acabar y que puedan tener un final concreto. Es decir, los desarrollos no porque \u00e9stos, por definici\u00f3n, son eternos. Seg\u00fan se acaben los ir\u00e9 desplazando a una secci\u00f3n m\u00e1s abajo. Urgente An\u00e1lisis de estado&#8230;<\/p>\n<p><a class=\"more-link\" href=\"https:\/\/esferas.org\/mldt\/cosas-pendientes\/\">Continue&nbsp;<i class=\"fa fa-angle-right\"><\/i><\/a><\/p>\n","protected":false},"author":1,"featured_media":0,"parent":0,"menu_order":0,"comment_status":"closed","ping_status":"closed","template":"","meta":{"webmentions_disabled_pings":false,"webmentions_disabled":false,"footnotes":""},"class_list":["post-593","page","type-page","status-publish","hentry","content-box"],"_links":{"self":[{"href":"https:\/\/esferas.org\/mldt\/wp-json\/wp\/v2\/pages\/593","targetHints":{"allow":["GET"]}}],"collection":[{"href":"https:\/\/esferas.org\/mldt\/wp-json\/wp\/v2\/pages"}],"about":[{"href":"https:\/\/esferas.org\/mldt\/wp-json\/wp\/v2\/types\/page"}],"author":[{"embeddable":true,"href":"https:\/\/esferas.org\/mldt\/wp-json\/wp\/v2\/users\/1"}],"replies":[{"embeddable":true,"href":"https:\/\/esferas.org\/mldt\/wp-json\/wp\/v2\/comments?post=593"}],"version-history":[{"count":37,"href":"https:\/\/esferas.org\/mldt\/wp-json\/wp\/v2\/pages\/593\/revisions"}],"predecessor-version":[{"id":990,"href":"https:\/\/esferas.org\/mldt\/wp-json\/wp\/v2\/pages\/593\/revisions\/990"}],"wp:attachment":[{"href":"https:\/\/esferas.org\/mldt\/wp-json\/wp\/v2\/media?parent=593"}],"curies":[{"name":"wp","href":"https:\/\/api.w.org\/{rel}","templated":true}]}}