{"id":2426,"date":"2017-10-27T04:58:57","date_gmt":"2017-10-27T04:58:57","guid":{"rendered":"https:\/\/esferas.org\/msqlu\/?page_id=2426"},"modified":"2020-11-08T10:25:06","modified_gmt":"2020-11-08T09:25:06","slug":"especiales","status":"publish","type":"page","link":"https:\/\/esferas.org\/msqlu\/especiales\/","title":{"rendered":"Especiales"},"content":{"rendered":"<div class='__iawmlf-post-loop-links' style='display:none;' data-iawmlf-post-links='[{&quot;id&quot;:725,&quot;href&quot;:&quot;https:\\\/\\\/esferas.org\\\/msql\\\/la-pila&quot;,&quot;archived_href&quot;:&quot;&quot;,&quot;redirect_href&quot;:&quot;&quot;,&quot;checks&quot;:[],&quot;broken&quot;:false,&quot;last_checked&quot;:null,&quot;process&quot;:&quot;done&quot;}]'><\/div>\n<p>P\u00e1ginas especiales, con contenido muy diverso, que quiero reunir en un punto concreto para no sobrecargar el men\u00fa principal.<\/p>\n\n\n\n<ul class=\"wp-block-list\"><li><a href=\"https:\/\/esferas.org\/msqlu\/wp-login.php\">Acceso al panel de administraci\u00f3n<\/a><\/li><li><a href=\"https:\/\/esferas.org\/msqlu\/aboutme\/\">Sobre m\u00ed<\/a><\/li><li><a href=\"https:\/\/esferas.org\/msqlu\/referencias\/\">Referencias<\/a><\/li><li><a href=\"https:\/\/esferas.org\/msqlu\/webmaster\/\">Webmaster<\/a><\/li><li><a href=\"https:\/\/esferas.org\/msql\/la-pila\">La pila<\/a><\/li><\/ul>\n","protected":false},"excerpt":{"rendered":"<p>P\u00e1ginas especiales, con contenido muy diverso, que quiero reunir en un punto concreto para no sobrecargar el men\u00fa principal. Acceso al panel de administraci\u00f3n Sobre m\u00ed Referencias Webmaster La pila<\/p>\n","protected":false},"author":1,"featured_media":0,"parent":0,"menu_order":0,"comment_status":"closed","ping_status":"closed","template":"","meta":{"_import_markdown_pro_load_document_selector":0,"_import_markdown_pro_submit_text_textarea":"","webmentions_disabled_pings":false,"webmentions_disabled":false,"footnotes":""},"class_list":["post-2426","page","type-page","status-publish","hentry"],"_links":{"self":[{"href":"https:\/\/esferas.org\/msqlu\/wp-json\/wp\/v2\/pages\/2426","targetHints":{"allow":["GET"]}}],"collection":[{"href":"https:\/\/esferas.org\/msqlu\/wp-json\/wp\/v2\/pages"}],"about":[{"href":"https:\/\/esferas.org\/msqlu\/wp-json\/wp\/v2\/types\/page"}],"author":[{"embeddable":true,"href":"https:\/\/esferas.org\/msqlu\/wp-json\/wp\/v2\/users\/1"}],"replies":[{"embeddable":true,"href":"https:\/\/esferas.org\/msqlu\/wp-json\/wp\/v2\/comments?post=2426"}],"version-history":[{"count":1,"href":"https:\/\/esferas.org\/msqlu\/wp-json\/wp\/v2\/pages\/2426\/revisions"}],"predecessor-version":[{"id":3872,"href":"https:\/\/esferas.org\/msqlu\/wp-json\/wp\/v2\/pages\/2426\/revisions\/3872"}],"wp:attachment":[{"href":"https:\/\/esferas.org\/msqlu\/wp-json\/wp\/v2\/media?parent=2426"}],"curies":[{"name":"wp","href":"https:\/\/api.w.org\/{rel}","templated":true}]}}