{"id":2789,"date":"2018-12-17T14:38:26","date_gmt":"2018-12-17T14:38:26","guid":{"rendered":"https:\/\/esferas.org\/msqlu\/?page_id=2789"},"modified":"2018-12-17T15:58:34","modified_gmt":"2018-12-17T15:58:34","slug":"el-movil","status":"publish","type":"page","link":"https:\/\/esferas.org\/msqlu\/el-movil\/","title":{"rendered":"El m\u00f3vil"},"content":{"rendered":"<div class='__iawmlf-post-loop-links' style='display:none;' data-iawmlf-post-links='[{&quot;id&quot;:14,&quot;href&quot;:&quot;https:\\\/\\\/f-droid.org&quot;,&quot;archived_href&quot;:&quot;https:\\\/\\\/web-wp.archive.org\\\/web\\\/20260413215216\\\/https:\\\/\\\/f-droid.org\\\/&quot;,&quot;redirect_href&quot;:&quot;&quot;,&quot;checks&quot;:[{&quot;date&quot;:&quot;2026-04-15 08:42:52&quot;,&quot;http_code&quot;:206}],&quot;broken&quot;:false,&quot;last_checked&quot;:{&quot;date&quot;:&quot;2026-04-15 08:42:52&quot;,&quot;http_code&quot;:206},&quot;process&quot;:&quot;done&quot;},{&quot;id&quot;:599,&quot;href&quot;:&quot;https:\\\/\\\/www.davdroid.com&quot;,&quot;archived_href&quot;:&quot;&quot;,&quot;redirect_href&quot;:&quot;&quot;,&quot;checks&quot;:[],&quot;broken&quot;:false,&quot;last_checked&quot;:null,&quot;process&quot;:&quot;done&quot;},{&quot;id&quot;:600,&quot;href&quot;:&quot;https:\\\/\\\/www.netxcloud.com&quot;,&quot;archived_href&quot;:&quot;https:\\\/\\\/web-wp.archive.org\\\/web\\\/20190916020951\\\/http:\\\/\\\/netxcloud.com\\\/&quot;,&quot;redirect_href&quot;:&quot;https:\\\/\\\/netx-cloud.com&quot;,&quot;checks&quot;:[],&quot;broken&quot;:false,&quot;last_checked&quot;:null,&quot;process&quot;:&quot;done&quot;},{&quot;id&quot;:601,&quot;href&quot;:&quot;https:\\\/\\\/f-droid.org\\\/en\\\/packages\\\/com.nextcloud.client&quot;,&quot;archived_href&quot;:&quot;https:\\\/\\\/web-wp.archive.org\\\/web\\\/20260415140849\\\/https:\\\/\\\/f-droid.org\\\/en\\\/packages\\\/com.nextcloud.client\\\/&quot;,&quot;redirect_href&quot;:&quot;https:\\\/\\\/f-droid.org\\\/en\\\/packages\\\/com.nextcloud.client\\\/&quot;,&quot;checks&quot;:[],&quot;broken&quot;:false,&quot;last_checked&quot;:null,&quot;process&quot;:&quot;done&quot;},{&quot;id&quot;:602,&quot;href&quot;:&quot;https:\\\/\\\/f-droid.org\\\/en\\\/packages\\\/it.niedermann.owncloud.notes&quot;,&quot;archived_href&quot;:&quot;https:\\\/\\\/web-wp.archive.org\\\/web\\\/20260415140854\\\/https:\\\/\\\/f-droid.org\\\/en\\\/packages\\\/it.niedermann.owncloud.notes\\\/&quot;,&quot;redirect_href&quot;:&quot;https:\\\/\\\/f-droid.org\\\/en\\\/packages\\\/it.niedermann.owncloud.notes\\\/&quot;,&quot;checks&quot;:[],&quot;broken&quot;:false,&quot;last_checked&quot;:null,&quot;process&quot;:&quot;done&quot;},{&quot;id&quot;:586,&quot;href&quot;:&quot;https:\\\/\\\/f-droid.org\\\/en\\\/packages\\\/org.schabi.nxbookmarks&quot;,&quot;archived_href&quot;:&quot;https:\\\/\\\/web-wp.archive.org\\\/web\\\/20260213174932\\\/https:\\\/\\\/f-droid.org\\\/en\\\/packages\\\/org.schabi.nxbookmarks\\\/&quot;,&quot;redirect_href&quot;:&quot;&quot;,&quot;checks&quot;:[{&quot;date&quot;:&quot;2026-04-15 13:53:38&quot;,&quot;http_code&quot;:206}],&quot;broken&quot;:false,&quot;last_checked&quot;:{&quot;date&quot;:&quot;2026-04-15 13:53:38&quot;,&quot;http_code&quot;:206},&quot;process&quot;:&quot;done&quot;}]'><\/div>\n<p>Ese peque\u00f1o ordenador de mano con capacidad de hacer y recibir llamadas telef\u00f3nicas es el objeto de esta p\u00e1gina. <\/p>\n\n\n\n<!--more-->\n\n\n\n<blockquote class=\"wp-block-quote is-layout-flow wp-block-quote-is-layout-flow\"><p>Hace tiempo que estoy empleando un conjunto limitado y muy concreto de aplicaciones para el m\u00f3vil y llevo tiempo retrasando hacer una recopilaci\u00f3n de ellas. Por circunstancias diversas he tenido dos cambios de dispositivo en los \u00faltimos meses (en el a\u00f1o 2018) y recopilar las aplicaciones que empleo, con sus ventajas e inconvenientes, no termina de arrancar.. Veamos pues. <br \/><\/p><\/blockquote>\n\n\n\n<h2 class=\"wp-block-heading\">Introducci\u00f3n<\/h2>\n\n\n\n<p>Mi tel\u00e9fono es un dispositivo Android as\u00ed que tengo que lidiar con Google y su ecosistema, aunque intento limitarlo en lo posible. <\/p>\n\n\n\n<h2 class=\"wp-block-heading\">Aplicaciones base<\/h2>\n\n\n\n<div class=\"wp-block-media-text alignwide has-media-on-the-right\"><figure class=\"wp-block-media-text__media\"><img loading=\"lazy\" decoding=\"async\" width=\"96\" height=\"96\" src=\"https:\/\/esferas.org\/msqlu\/wp-content\/uploads\/sites\/12\/2018\/12\/768px-F-Droid_Logo_4.svg_.redimensionado.redimensionado.png\" alt=\"\" class=\"wp-image-2796\"\/><\/figure><div class=\"wp-block-media-text__content\">\n<p class=\"has-regular-font-size\"><a href=\"https:\/\/f-droid.org\">f-droid<\/a> es un repositorio de aplicaciones FOSS para Android. Lo empleo para instalar la mayor parte de las otras.<br \/><\/p>\n<\/div><\/div>\n\n\n\n<div class=\"wp-block-media-text alignwide has-media-on-the-right\"><figure class=\"wp-block-media-text__media\"><img loading=\"lazy\" decoding=\"async\" width=\"96\" height=\"96\" src=\"https:\/\/esferas.org\/msqlu\/wp-content\/uploads\/sites\/12\/2018\/12\/davdroid.redimensionado.png\" alt=\"\" class=\"wp-image-2799\"\/><\/figure><div class=\"wp-block-media-text__content\">\n<p class=\"has-regular-font-size\"><a href=\"https:\/\/www.davdroid.com\/\">davdroid<\/a> es imprescindible para tener acceso a calendarios y agendas de direcciones en servidores como <a href=\"https:\/\/www.netxcloud.com\">Nextcloud<\/a>.<br \/><\/p>\n<\/div><\/div>\n\n\n\n<h2 class=\"wp-block-heading\">Nextcloud: acceso a mis datos<br \/><\/h2>\n\n\n\n<ul class=\"wp-block-list\"><li><a href=\"https:\/\/f-droid.org\/en\/packages\/com.nextcloud.client\">Nextcloud<\/a>: cliente para sincronizar archivos (fotos principalmente) y tener acceso al resto del contenido.<br \/><\/li><li><a href=\"https:\/\/f-droid.org\/en\/packages\/it.niedermann.owncloud.notes\">Notes<\/a>: Cliente de la aplicaci\u00f3n del mismo nombre en el servidor. Sincroniza notas de texto simples.<br \/><\/li><li><a href=\"https:\/\/f-droid.org\/en\/packages\/org.schabi.nxbookmarks\">Nextcloud bookmarks<\/a>: Cliente para la aplicaci\u00f3n del mismo nombre en el servidor Nextcloud. <br \/><\/li><\/ul>\n","protected":false},"excerpt":{"rendered":"<p>Ese peque\u00f1o ordenador de mano con capacidad de hacer y recibir llamadas telef\u00f3nicas es el objeto de esta p\u00e1gina.<\/p>\n","protected":false},"author":1,"featured_media":0,"parent":0,"menu_order":0,"comment_status":"closed","ping_status":"closed","template":"","meta":{"_import_markdown_pro_load_document_selector":0,"_import_markdown_pro_submit_text_textarea":"","webmentions_disabled_pings":false,"webmentions_disabled":false,"footnotes":""},"class_list":["post-2789","page","type-page","status-publish","hentry"],"_links":{"self":[{"href":"https:\/\/esferas.org\/msqlu\/wp-json\/wp\/v2\/pages\/2789","targetHints":{"allow":["GET"]}}],"collection":[{"href":"https:\/\/esferas.org\/msqlu\/wp-json\/wp\/v2\/pages"}],"about":[{"href":"https:\/\/esferas.org\/msqlu\/wp-json\/wp\/v2\/types\/page"}],"author":[{"embeddable":true,"href":"https:\/\/esferas.org\/msqlu\/wp-json\/wp\/v2\/users\/1"}],"replies":[{"embeddable":true,"href":"https:\/\/esferas.org\/msqlu\/wp-json\/wp\/v2\/comments?post=2789"}],"version-history":[{"count":7,"href":"https:\/\/esferas.org\/msqlu\/wp-json\/wp\/v2\/pages\/2789\/revisions"}],"predecessor-version":[{"id":2806,"href":"https:\/\/esferas.org\/msqlu\/wp-json\/wp\/v2\/pages\/2789\/revisions\/2806"}],"wp:attachment":[{"href":"https:\/\/esferas.org\/msqlu\/wp-json\/wp\/v2\/media?parent=2789"}],"curies":[{"name":"wp","href":"https:\/\/api.w.org\/{rel}","templated":true}]}}