{"id":102,"date":"2018-12-06T08:11:27","date_gmt":"2018-12-06T08:11:27","guid":{"rendered":"http:\/\/esferas.org\/sapiens\/?page_id=102"},"modified":"2018-12-12T18:33:58","modified_gmt":"2018-12-12T18:33:58","slug":"actores","status":"publish","type":"page","link":"https:\/\/esferas.org\/sapiens\/actores\/","title":{"rendered":"Actores"},"content":{"rendered":"\n<div class=\"wp-block-media-text alignwide\"><figure class=\"wp-block-media-text__media\"><img loading=\"lazy\" decoding=\"async\" width=\"1024\" height=\"924\" src=\"https:\/\/esferas.org\/sapiens\/wp-content\/uploads\/sites\/21\/2018\/12\/maria-1024x924.jpg\" alt=\"\" class=\"wp-image-103\" srcset=\"https:\/\/esferas.org\/sapiens\/wp-content\/uploads\/sites\/21\/2018\/12\/maria-1024x924.jpg 1024w, https:\/\/esferas.org\/sapiens\/wp-content\/uploads\/sites\/21\/2018\/12\/maria-300x271.jpg 300w, https:\/\/esferas.org\/sapiens\/wp-content\/uploads\/sites\/21\/2018\/12\/maria-768x693.jpg 768w, https:\/\/esferas.org\/sapiens\/wp-content\/uploads\/sites\/21\/2018\/12\/maria.jpg 1593w\" sizes=\"auto, (max-width: 767px) 89vw, (max-width: 1000px) 54vw, (max-width: 1071px) 543px, 580px\" \/><\/figure><div class=\"wp-block-media-text__content\">\n<h2 class=\"wp-block-heading\"><strong>Mar\u00eda<\/strong><\/h2>\n\n\n\n<p>Seria y comprometida, a pesar de su juventud, Mar\u00eda ha nacido en el seno de una familia de artistas, oliendo a \u00f3leo desde la<br>cuna y viendo teatro cuando a\u00fan apenas sab\u00eda leer. Se subi\u00f3 a un escenario con menos de nueve a\u00f1os y ya se sab\u00eda de memoria algunos di\u00e1logos de \u00d1aque antes de formar parte del grupo.<\/p>\n<\/div><\/div>\n\n\n\n<div class=\"wp-block-media-text alignwide has-media-on-the-right\"><figure class=\"wp-block-media-text__media\"><img loading=\"lazy\" decoding=\"async\" width=\"1024\" height=\"996\" src=\"https:\/\/esferas.org\/sapiens\/wp-content\/uploads\/sites\/21\/2018\/12\/rodrigo-1024x996.jpg\" alt=\"\" class=\"wp-image-105\" srcset=\"https:\/\/esferas.org\/sapiens\/wp-content\/uploads\/sites\/21\/2018\/12\/rodrigo-1024x996.jpg 1024w, https:\/\/esferas.org\/sapiens\/wp-content\/uploads\/sites\/21\/2018\/12\/rodrigo-300x292.jpg 300w, https:\/\/esferas.org\/sapiens\/wp-content\/uploads\/sites\/21\/2018\/12\/rodrigo-768x747.jpg 768w, https:\/\/esferas.org\/sapiens\/wp-content\/uploads\/sites\/21\/2018\/12\/rodrigo.jpg 1250w\" sizes=\"auto, (max-width: 767px) 89vw, (max-width: 1000px) 54vw, (max-width: 1071px) 543px, 580px\" \/><\/figure><div class=\"wp-block-media-text__content\">\n<h2 class=\"wp-block-heading\"><strong>Rodr\u00edgo<\/strong><\/h2>\n\n\n\n<p>Dice que se apunt\u00f3 a clase de teatro porque quer\u00eda vivir una experiencia nueva y conocer el espect\u00e1culo desde dentro. Y as\u00ed lo ha hecho, entreg\u00e1ndose en cuerpo y alma y siendo protagonista sin duda de muchas escenas de humor en clase. Sin embargo, Rodrigo trabaja con los matices y es exigente con el resultado.<\/p>\n<\/div><\/div>\n\n\n\n<div class=\"wp-block-media-text alignwide\"><figure class=\"wp-block-media-text__media\"><img loading=\"lazy\" decoding=\"async\" width=\"1024\" height=\"955\" src=\"https:\/\/esferas.org\/sapiens\/wp-content\/uploads\/sites\/21\/2018\/12\/javier-1024x955.jpg\" alt=\"\" class=\"wp-image-108\" srcset=\"https:\/\/esferas.org\/sapiens\/wp-content\/uploads\/sites\/21\/2018\/12\/javier-1024x955.jpg 1024w, https:\/\/esferas.org\/sapiens\/wp-content\/uploads\/sites\/21\/2018\/12\/javier-300x280.jpg 300w, https:\/\/esferas.org\/sapiens\/wp-content\/uploads\/sites\/21\/2018\/12\/javier-768x716.jpg 768w, https:\/\/esferas.org\/sapiens\/wp-content\/uploads\/sites\/21\/2018\/12\/javier.jpg 1237w\" sizes=\"auto, (max-width: 767px) 89vw, (max-width: 1000px) 54vw, (max-width: 1071px) 543px, 580px\" \/><\/figure><div class=\"wp-block-media-text__content\">\n<h2 class=\"wp-block-heading\"><strong>Javier<\/strong><\/h2>\n\n\n\n<p>Apasionado por el teatro, un galante caballero de esos del Siglo de Oro del que vienen nuestros personajes\u2026 y que ya no quedan; trat\u00f3 insistentemente de que su hijo se apuntara a teatro hasta que \u00e9ste le dijo: <em>Pap\u00e1, \u00bfY por qu\u00e9 no te apuntas t\u00fa?<\/em><\/p>\n<\/div><\/div>\n\n\n\n<div class=\"wp-block-media-text alignwide has-media-on-the-right\"><figure class=\"wp-block-media-text__media\"><img loading=\"lazy\" decoding=\"async\" width=\"1024\" height=\"822\" src=\"https:\/\/esferas.org\/sapiens\/wp-content\/uploads\/sites\/21\/2018\/12\/fani-1024x822.jpg\" alt=\"\" class=\"wp-image-110\" srcset=\"https:\/\/esferas.org\/sapiens\/wp-content\/uploads\/sites\/21\/2018\/12\/fani-1024x822.jpg 1024w, https:\/\/esferas.org\/sapiens\/wp-content\/uploads\/sites\/21\/2018\/12\/fani-300x241.jpg 300w, https:\/\/esferas.org\/sapiens\/wp-content\/uploads\/sites\/21\/2018\/12\/fani-768x616.jpg 768w, https:\/\/esferas.org\/sapiens\/wp-content\/uploads\/sites\/21\/2018\/12\/fani.jpg 1539w\" sizes=\"auto, (max-width: 767px) 89vw, (max-width: 1000px) 54vw, (max-width: 1071px) 543px, 580px\" \/><\/figure><div class=\"wp-block-media-text__content\">\n<h2 class=\"wp-block-heading\"><strong>Fani<\/strong><\/h2>\n\n\n\n<p>Dice que su grupo de teatro es el momento en que da alas a la artista que se esconde durante la semana. Enfermera vocacional y clarinetista de conservatorio, esta malague\u00f1a pone, con mucho arte, m\u00fasica a \u201cCasi \u00d1aque\u201d.<\/p>\n<\/div><\/div>\n\n\n\n<div class=\"wp-block-media-text alignwide\"><figure class=\"wp-block-media-text__media\"><img loading=\"lazy\" decoding=\"async\" width=\"976\" height=\"1024\" src=\"https:\/\/esferas.org\/sapiens\/wp-content\/uploads\/sites\/21\/2018\/12\/argeme-976x1024.jpg\" alt=\"\" class=\"wp-image-111\" srcset=\"https:\/\/esferas.org\/sapiens\/wp-content\/uploads\/sites\/21\/2018\/12\/argeme-976x1024.jpg 976w, https:\/\/esferas.org\/sapiens\/wp-content\/uploads\/sites\/21\/2018\/12\/argeme-286x300.jpg 286w, https:\/\/esferas.org\/sapiens\/wp-content\/uploads\/sites\/21\/2018\/12\/argeme-768x806.jpg 768w, https:\/\/esferas.org\/sapiens\/wp-content\/uploads\/sites\/21\/2018\/12\/argeme.jpg 1493w\" sizes=\"auto, (max-width: 767px) 89vw, (max-width: 1000px) 54vw, (max-width: 1071px) 543px, 580px\" \/><\/figure><div class=\"wp-block-media-text__content\">\n<h2 class=\"wp-block-heading\"><strong>Argeme<\/strong><\/h2>\n\n\n\n<p>Un d\u00eda llor\u00f3 en clase, y no estaba triste, fue una m\u00fasica de una escena que hizo que se emocionara. Y es que Argeme, m\u00e9dico de profesi\u00f3n, tiene una gran sensibilidad y se entrega al 100% en todo lo que hace. As\u00ed lo demuestra en sus fotograf\u00edas, que pod\u00e9is ver en este dossier.<\/p>\n<\/div><\/div>\n\n\n\n<div class=\"wp-block-media-text alignwide has-media-on-the-right\"><figure class=\"wp-block-media-text__media\"><img loading=\"lazy\" decoding=\"async\" width=\"1024\" height=\"954\" src=\"https:\/\/esferas.org\/sapiens\/wp-content\/uploads\/sites\/21\/2018\/12\/victor-1024x954.jpg\" alt=\"\" class=\"wp-image-114\" srcset=\"https:\/\/esferas.org\/sapiens\/wp-content\/uploads\/sites\/21\/2018\/12\/victor-1024x954.jpg 1024w, https:\/\/esferas.org\/sapiens\/wp-content\/uploads\/sites\/21\/2018\/12\/victor-300x279.jpg 300w, https:\/\/esferas.org\/sapiens\/wp-content\/uploads\/sites\/21\/2018\/12\/victor-768x715.jpg 768w, https:\/\/esferas.org\/sapiens\/wp-content\/uploads\/sites\/21\/2018\/12\/victor.jpg 1454w\" sizes=\"auto, (max-width: 767px) 89vw, (max-width: 1000px) 54vw, (max-width: 1071px) 543px, 580px\" \/><\/figure><div class=\"wp-block-media-text__content\">\n<h2 class=\"wp-block-heading\"><strong>V\u00edctor<\/strong><\/h2>\n\n\n\n<p>V\u00edctor ha ido y ha venido, pero el teatro siempre nos lo devuelve, si cabe, con mas ganas y energ\u00eda que antes. Sabe de arte y de historia, aunque es inform\u00e1tico, y en esta ocasi\u00f3n, aunque empez\u00f3 ayudando con la direcci\u00f3n, acab\u00f3 sobre el escenario con los palos y el zurr\u00f3n.<\/p>\n\n\n\n<p><\/p>\n<\/div><\/div>\n\n\n\n<h2 class=\"wp-block-heading\">Antiguos actores<\/h2>\n\n\n\n<div class=\"wp-block-media-text alignwide\"><figure class=\"wp-block-media-text__media\"><img loading=\"lazy\" decoding=\"async\" width=\"473\" height=\"473\" src=\"https:\/\/esferas.org\/sapiens\/wp-content\/uploads\/sites\/21\/2018\/12\/henar.png\" alt=\"\" class=\"wp-image-116\" srcset=\"https:\/\/esferas.org\/sapiens\/wp-content\/uploads\/sites\/21\/2018\/12\/henar.png 473w, https:\/\/esferas.org\/sapiens\/wp-content\/uploads\/sites\/21\/2018\/12\/henar-150x150.png 150w, https:\/\/esferas.org\/sapiens\/wp-content\/uploads\/sites\/21\/2018\/12\/henar-300x300.png 300w, https:\/\/esferas.org\/sapiens\/wp-content\/uploads\/sites\/21\/2018\/12\/henar-100x100.png 100w\" sizes=\"auto, (max-width: 473px) 100vw, 473px\" \/><\/figure><div class=\"wp-block-media-text__content\">\n<h2 class=\"wp-block-heading\"><strong>Henar<\/strong> <\/h2>\n\n\n\n<p>Lleva el pelo pintado de arte, en un rosa fucsia y un azul a\u00f1il. Este \u00faltimo s\u00f3lo se ve si rebuscas un poco, al igual que su creatividad y su implicaci\u00f3n, de ninguna de ellas alardea, pero pueden verse en clase de teatro y en todo aqu\u00e9llo que dibuja y dise\u00f1a. Este papel, por ejemplo.<\/p>\n<\/div><\/div>\n\n\n\n<p><br><\/p>\n","protected":false},"excerpt":{"rendered":"<p>Mar\u00eda Seria y comprometida, a pesar de su juventud, Mar\u00eda ha nacido en el seno de una familia de artistas, oliendo a \u00f3leo desde lacuna y viendo teatro cuando a\u00fan apenas sab\u00eda leer. Se subi\u00f3 a un escenario con menos de nueve a\u00f1os y ya se sab\u00eda de memoria algunos di\u00e1logos de \u00d1aque antes de &hellip; <\/p>\n<p class=\"link-more\"><a href=\"https:\/\/esferas.org\/sapiens\/actores\/\" class=\"more-link\">Continuar leyendo<span class=\"screen-reader-text\"> \u00abActores\u00bb<\/span><\/a><\/p>\n","protected":false},"author":1,"featured_media":0,"parent":0,"menu_order":0,"comment_status":"closed","ping_status":"closed","template":"","meta":{"webmentions_disabled_pings":false,"webmentions_disabled":false,"footnotes":""},"class_list":["post-102","page","type-page","status-publish","hentry"],"_links":{"self":[{"href":"https:\/\/esferas.org\/sapiens\/wp-json\/wp\/v2\/pages\/102","targetHints":{"allow":["GET"]}}],"collection":[{"href":"https:\/\/esferas.org\/sapiens\/wp-json\/wp\/v2\/pages"}],"about":[{"href":"https:\/\/esferas.org\/sapiens\/wp-json\/wp\/v2\/types\/page"}],"author":[{"embeddable":true,"href":"https:\/\/esferas.org\/sapiens\/wp-json\/wp\/v2\/users\/1"}],"replies":[{"embeddable":true,"href":"https:\/\/esferas.org\/sapiens\/wp-json\/wp\/v2\/comments?post=102"}],"version-history":[{"count":12,"href":"https:\/\/esferas.org\/sapiens\/wp-json\/wp\/v2\/pages\/102\/revisions"}],"predecessor-version":[{"id":195,"href":"https:\/\/esferas.org\/sapiens\/wp-json\/wp\/v2\/pages\/102\/revisions\/195"}],"wp:attachment":[{"href":"https:\/\/esferas.org\/sapiens\/wp-json\/wp\/v2\/media?parent=102"}],"curies":[{"name":"wp","href":"https:\/\/api.w.org\/{rel}","templated":true}]}}