{"id":205,"date":"2019-01-30T16:54:22","date_gmt":"2019-01-30T16:54:22","guid":{"rendered":"https:\/\/esferas.org\/sapiens\/?page_id=205"},"modified":"2019-01-30T18:18:10","modified_gmt":"2019-01-30T18:18:10","slug":"clases","status":"publish","type":"page","link":"https:\/\/esferas.org\/sapiens\/clases\/","title":{"rendered":"Clases de teatro"},"content":{"rendered":"\n<div class=\"wp-block-image\"><figure class=\"aligncenter\"><img loading=\"lazy\" decoding=\"async\" width=\"1024\" height=\"242\" src=\"https:\/\/esferas.org\/sapiens\/wp-content\/uploads\/sites\/21\/2019\/01\/actores-1024x242.jpg\" alt=\"\" class=\"wp-image-286\" srcset=\"https:\/\/esferas.org\/sapiens\/wp-content\/uploads\/sites\/21\/2019\/01\/actores-1024x242.jpg 1024w, https:\/\/esferas.org\/sapiens\/wp-content\/uploads\/sites\/21\/2019\/01\/actores-300x71.jpg 300w, https:\/\/esferas.org\/sapiens\/wp-content\/uploads\/sites\/21\/2019\/01\/actores-768x181.jpg 768w\" sizes=\"auto, (max-width: 767px) 89vw, (max-width: 1000px) 54vw, (max-width: 1071px) 543px, 580px\" \/><\/figure><\/div>\n\n\n\n<p>Dos propuestas diferentes de la mano de <a href=\"https:\/\/esferas.org\/sapiens\/angela-ruiz-la-directora\/\">\u00c1ngela Ru iz L\u00f3pez <\/a>en <a href=\"https:\/\/www.factoryballet.com\/\">Factory Ballet Madrid<\/a>.<\/p>\n\n\n\n<div class=\"wp-block-media-text alignwide is-stacked-on-mobile\"><figure class=\"wp-block-media-text__media\"><img loading=\"lazy\" decoding=\"async\" width=\"150\" height=\"150\" src=\"https:\/\/esferas.org\/sapiens\/wp-content\/uploads\/sites\/21\/2019\/01\/teatro-de-iniciaci\u00f3n-150x150.jpg\" alt=\"Taller de teatro de iniciaci\u00f3n\" class=\"wp-image-207\" srcset=\"https:\/\/esferas.org\/sapiens\/wp-content\/uploads\/sites\/21\/2019\/01\/teatro-de-iniciaci\u00f3n-150x150.jpg 150w, https:\/\/esferas.org\/sapiens\/wp-content\/uploads\/sites\/21\/2019\/01\/teatro-de-iniciaci\u00f3n-100x100.jpg 100w\" sizes=\"auto, (max-width: 150px) 100vw, 150px\" \/><\/figure><div class=\"wp-block-media-text__content\">\n<p class=\"has-medium-font-size\"><a href=\"https:\/\/esferas.org\/sapiens\/teatro-iniciacion\/\">Taller de teatro de iniciaci\u00f3n<\/a><\/p>\n\n\n\n<p>Este taller est\u00e1 dirigido a todos aquellos que quieran tener un primer contacto con el teatro como parte de su formaci\u00f3n educativa, cultural y humana.  Divi\u00e9rtete y aprende trabajando a trav\u00e9s de tu  cuerpo, tu voz, la improvisaci\u00f3n y el juego. Llegar\u00e1s a final de  curso a representar  una gran obra de teatro.<\/p>\n<\/div><\/div>\n\n\n\n<div class=\"wp-block-media-text alignwide has-media-on-the-right\"><figure class=\"wp-block-media-text__media\"><img loading=\"lazy\" decoding=\"async\" width=\"150\" height=\"150\" src=\"https:\/\/esferas.org\/sapiens\/wp-content\/uploads\/sites\/21\/2019\/01\/teatro-para-ni\u00f1os-150x150.jpg\" alt=\"Taller de teatro para ni\u00f1os\" class=\"wp-image-213\" srcset=\"https:\/\/esferas.org\/sapiens\/wp-content\/uploads\/sites\/21\/2019\/01\/teatro-para-ni\u00f1os-150x150.jpg 150w, https:\/\/esferas.org\/sapiens\/wp-content\/uploads\/sites\/21\/2019\/01\/teatro-para-ni\u00f1os-100x100.jpg 100w\" sizes=\"auto, (max-width: 150px) 100vw, 150px\" \/><\/figure><div class=\"wp-block-media-text__content\">\n<p class=\"has-medium-font-size\"><a href=\"https:\/\/esferas.org\/sapiens\/clases\/teatro-ninos\/\">Teatro para ni\u00f1os<\/a><\/p>\n\n\n\n<p class=\"has-medium-font-size\">Este taller est\u00e1 dirigido a todos los ni\u00f1os de 5 a 8 a\u00f1os que quieran divertirse y tener un primer contacto con el teatro. Las clases son muy divertidas y el objetivo principal es potenciar el crecimiento personal del ni\u00f1os, estimulando su creatividad, mejorando su capacidad de comunicaci\u00f3n y de trabajo en equipo.<\/p>\n<\/div><\/div>\n\n\n\n<h3 class=\"wp-block-heading\" style=\"text-align:center\">La profesora<\/h3>\n\n\n\n<p><a href=\"https:\/\/esferas.org\/sapiens\/angela-ruiz-la-directora\/\">\u00c1ngela Ruiz <\/a>es Licenciada en Interpretaci\u00f3n y M\u00e1ster en Direcci\u00f3n de Escena por la University of Kent.<br>Lleva trabajando doce a\u00f1os como actriz, directora de escena, profesora y gestora cultural. <\/p>\n\n\n\n<h4 class=\"wp-block-heading\">Como gestora<\/h4>\n\n\n\n<ul class=\"wp-block-list\"><li>Los \u201cPremios Veo Veo\u201d de Teresa Rabal, producci\u00f3n para televisi\u00f3n<\/li><li>La fundaci\u00f3n de ELABORIGEN, Centro de Iniciativas Art\u00edsticas y Culturales, un teatro-cine en el que conviven el cine, las artes esc\u00e9nicas y las artes pl\u00e1sticas, y en el que desarrolla su actividad creativa y pedag\u00f3gica, imparte clases y realiza campa\u00f1as escolares de teatro.<\/li><li>La direcci\u00f3n de la oficina cultural de Juan Losada, en la que se realizan actividades musicales.<\/li><li>En la actualidad su trabajo e <a href=\"https:\/\/www.entradasymas.com\/experienciaymas\/conoce-antonio-resines\/\">entradasymas<\/a>, una empresa de experiencias culturales presidida por Antonio Resines.<\/li><\/ul>\n\n\n\n<h4 class=\"wp-block-heading\">Como actriz<\/h4>\n\n\n\n<ul class=\"wp-block-list\"><li>  \u201cLa cantante calva\u201d de Ionesco. Dirigida por Vicente Le\u00f3n.<\/li><li> \u201cLa casa de Bernarda Alba\u201d, de Federico Garc\u00eda Lorca. Dirigida por Vicente Le\u00f3n.<\/li><li>  \u201cOthello\u201d, de W. Shakespeare. Compa\u00f1\u00eda Ariel Cordelia. Dirigida por Eduardo Mart\u00edn.<\/li><\/ul>\n\n\n\n<h4 class=\"wp-block-heading\">Como directora<\/h4>\n\n\n\n<ul class=\"wp-block-list\"><li>\u201cCrystal Clear\u201d, de Phil Young.<\/li><li>\u201cVeraneantes\u201d, de Gorky. Dirigido por Vicente Le\u00f3n. Ayudant\u00eda de direcci\u00f3n.<\/li><li>\u201c\u00d1aque o de piojos y actores\u201d, de Jos\u00e9 Sanchis Sinisterra. <br>\n\u201cLa calle del infierno\u201d, de Antonio Onetti. <\/li><li>\u201cLa Sombra del Tenorio\u201d, de Jos\u00e9 Luis Alonso de Santos. <br>\n\u201cRetazos c\u00f3micos cotidianos\u201d. Creaci\u00f3n colectiva.<\/li><li>\u201cLa Importancia de llamarse Ernesto\u201d, de Oscar Wilde. <\/li><li>\u201cHamlet\u201d, de W. Shakespeare. Compa\u00f1\u00eda Ariel Cordelia.<br>\nRecital \u201cNoche con los cl\u00e1sicos\u201d. Dirigido por J.L. Alonso de Santos. Ayudant\u00eda.<\/li><\/ul>\n\n\n\n<h3 class=\"wp-block-heading\" style=\"text-align:center\">Informaci\u00f3n relacionada<\/h3>\n\n\n\n<ul class=\"wp-block-list\"><li><a href=\"https:\/\/esferas.org\/sapiens\/clases\/informacion\/\">Horarios y precios <\/a><\/li><li><a href=\"https:\/\/esferas.org\/sapiens\/clases\/en-clase-de-teatro\/\">Im\u00e1genes de las clases<\/a><\/li><li><a href=\"https:\/\/esferas.org\/sapiens\/clases\/material-audiovisual-clases\/\">Material audiovisual<\/a><\/li><\/ul>\n","protected":false},"excerpt":{"rendered":"<p>Dos propuestas diferentes de la mano de \u00c1ngela Ru iz L\u00f3pez en Factory Ballet Madrid. Taller de teatro de iniciaci\u00f3n Este taller est\u00e1 dirigido a todos aquellos que quieran tener un primer contacto con el teatro como parte de su formaci\u00f3n educativa, cultural y humana. Divi\u00e9rtete y aprende trabajando a trav\u00e9s de tu cuerpo, tu &hellip; <\/p>\n<p class=\"link-more\"><a href=\"https:\/\/esferas.org\/sapiens\/clases\/\" class=\"more-link\">Continuar leyendo<span class=\"screen-reader-text\"> \u00abClases de teatro\u00bb<\/span><\/a><\/p>\n","protected":false},"author":1,"featured_media":0,"parent":0,"menu_order":0,"comment_status":"closed","ping_status":"closed","template":"","meta":{"webmentions_disabled_pings":false,"webmentions_disabled":false,"footnotes":""},"class_list":["post-205","page","type-page","status-publish","hentry"],"_links":{"self":[{"href":"https:\/\/esferas.org\/sapiens\/wp-json\/wp\/v2\/pages\/205","targetHints":{"allow":["GET"]}}],"collection":[{"href":"https:\/\/esferas.org\/sapiens\/wp-json\/wp\/v2\/pages"}],"about":[{"href":"https:\/\/esferas.org\/sapiens\/wp-json\/wp\/v2\/types\/page"}],"author":[{"embeddable":true,"href":"https:\/\/esferas.org\/sapiens\/wp-json\/wp\/v2\/users\/1"}],"replies":[{"embeddable":true,"href":"https:\/\/esferas.org\/sapiens\/wp-json\/wp\/v2\/comments?post=205"}],"version-history":[{"count":20,"href":"https:\/\/esferas.org\/sapiens\/wp-json\/wp\/v2\/pages\/205\/revisions"}],"predecessor-version":[{"id":300,"href":"https:\/\/esferas.org\/sapiens\/wp-json\/wp\/v2\/pages\/205\/revisions\/300"}],"wp:attachment":[{"href":"https:\/\/esferas.org\/sapiens\/wp-json\/wp\/v2\/media?parent=205"}],"curies":[{"name":"wp","href":"https:\/\/api.w.org\/{rel}","templated":true}]}}