{"id":209,"date":"2019-01-30T16:50:25","date_gmt":"2019-01-30T16:50:25","guid":{"rendered":"https:\/\/esferas.org\/sapiens\/?page_id=209"},"modified":"2019-01-30T18:23:58","modified_gmt":"2019-01-30T18:23:58","slug":"teatro-iniciacion","status":"publish","type":"page","link":"https:\/\/esferas.org\/sapiens\/clases\/teatro-iniciacion\/","title":{"rendered":"Taller de teatro de iniciaci\u00f3n"},"content":{"rendered":"\n<div class=\"wp-block-image\"><figure class=\"aligncenter is-resized\"><img loading=\"lazy\" decoding=\"async\" src=\"https:\/\/esferas.org\/sapiens\/wp-content\/uploads\/sites\/21\/2019\/01\/teatro-de-iniciaci\u00f3n.jpg\" alt=\"\" class=\"wp-image-207\" width=\"500\" height=\"558\" srcset=\"https:\/\/esferas.org\/sapiens\/wp-content\/uploads\/sites\/21\/2019\/01\/teatro-de-iniciaci\u00f3n.jpg 684w, https:\/\/esferas.org\/sapiens\/wp-content\/uploads\/sites\/21\/2019\/01\/teatro-de-iniciaci\u00f3n-269x300.jpg 269w\" sizes=\"auto, (max-width: 500px) 100vw, 500px\" \/><\/figure><\/div>\n\n\n\n<h3 class=\"wp-block-heading\" style=\"text-align:center\">Descripci\u00f3n<\/h3>\n\n\n\n<p>Este taller est\u00e1 dirigido a todos aquellos que quieran tener un primer contacto con el teatro como parte de su formaci\u00f3n educativa, cultural y humana.  <\/p>\n\n\n\n<p>Divi\u00e9rtete y aprende trabajando a trav\u00e9s de tu  cuerpo, tu voz, la improvisaci\u00f3n y el juego. Llegar\u00e1s a final de  curso a representar  una gran obra de teatro.<\/p>\n\n\n\n<h3 class=\"wp-block-heading\" style=\"text-align:center\">Metodolog\u00eda de trabajo<\/h3>\n\n\n\n<p>El taller se divide en dos etapas: <\/p>\n\n\n\n<p>En la primera de ellas trabajaremos, mediante distintos ejercicios, el juego, la improvisaci\u00f3n, la t\u00e9cnica de la voz y del cuerpo, el trabajo en equipo, la escucha y los estados de \u00e1nimo.<\/p>\n\n\n\n<p>En la segunda etapa aplicaremos todo lo aprendido al trabajo con un texto teatral (primero escenas y despu\u00e9s una obra completa): conocimiento de distintos textos teatrales, an\u00e1lisis de la obra y las escenas, estudio del contexto hist\u00f3rico y sociocultural, an\u00e1lisis y creaci\u00f3n del personaje y puesta en escena de la obra escogida.<\/p>\n\n\n\n<h3 class=\"wp-block-heading\" style=\"text-align:center\">Muestras<\/h3>\n\n\n\n<p>Se realizar\u00e1 una muestra final para amigos y familiares.<\/p>\n\n\n\n<h3 class=\"wp-block-heading\" style=\"text-align:center\">Informaci\u00f3n relacionada<\/h3>\n\n\n\n<ul class=\"wp-block-list\"><li><a href=\"https:\/\/esferas.org\/sapiens\/clases\/informacion\/\">Horarios y precios <\/a><\/li><li><a href=\"https:\/\/esferas.org\/sapiens\/clases\/en-clase-de-teatro\/\">Im\u00e1genes de las clases<\/a><\/li><li><a href=\"https:\/\/esferas.org\/sapiens\/clases\/material-audiovisual-clases\/\">Material audiovisual<\/a><\/li><\/ul>\n","protected":false},"excerpt":{"rendered":"<p>Descripci\u00f3n Este taller est\u00e1 dirigido a todos aquellos que quieran tener un primer contacto con el teatro como parte de su formaci\u00f3n educativa, cultural y humana. Divi\u00e9rtete y aprende trabajando a trav\u00e9s de tu cuerpo, tu voz, la improvisaci\u00f3n y el juego. Llegar\u00e1s a final de curso a representar una gran obra de teatro. Metodolog\u00eda &hellip; <\/p>\n<p class=\"link-more\"><a href=\"https:\/\/esferas.org\/sapiens\/clases\/teatro-iniciacion\/\" class=\"more-link\">Continuar leyendo<span class=\"screen-reader-text\"> \u00abTaller de teatro de iniciaci\u00f3n\u00bb<\/span><\/a><\/p>\n","protected":false},"author":1,"featured_media":0,"parent":205,"menu_order":0,"comment_status":"closed","ping_status":"closed","template":"","meta":{"webmentions_disabled_pings":false,"webmentions_disabled":false,"footnotes":""},"class_list":["post-209","page","type-page","status-publish","hentry"],"_links":{"self":[{"href":"https:\/\/esferas.org\/sapiens\/wp-json\/wp\/v2\/pages\/209","targetHints":{"allow":["GET"]}}],"collection":[{"href":"https:\/\/esferas.org\/sapiens\/wp-json\/wp\/v2\/pages"}],"about":[{"href":"https:\/\/esferas.org\/sapiens\/wp-json\/wp\/v2\/types\/page"}],"author":[{"embeddable":true,"href":"https:\/\/esferas.org\/sapiens\/wp-json\/wp\/v2\/users\/1"}],"replies":[{"embeddable":true,"href":"https:\/\/esferas.org\/sapiens\/wp-json\/wp\/v2\/comments?post=209"}],"version-history":[{"count":8,"href":"https:\/\/esferas.org\/sapiens\/wp-json\/wp\/v2\/pages\/209\/revisions"}],"predecessor-version":[{"id":306,"href":"https:\/\/esferas.org\/sapiens\/wp-json\/wp\/v2\/pages\/209\/revisions\/306"}],"up":[{"embeddable":true,"href":"https:\/\/esferas.org\/sapiens\/wp-json\/wp\/v2\/pages\/205"}],"wp:attachment":[{"href":"https:\/\/esferas.org\/sapiens\/wp-json\/wp\/v2\/media?parent=209"}],"curies":[{"name":"wp","href":"https:\/\/api.w.org\/{rel}","templated":true}]}}