{"id":231,"date":"2019-01-30T17:10:40","date_gmt":"2019-01-30T17:10:40","guid":{"rendered":"https:\/\/esferas.org\/sapiens\/?page_id=231"},"modified":"2019-01-30T18:15:09","modified_gmt":"2019-01-30T18:15:09","slug":"teatro-ninos","status":"publish","type":"page","link":"https:\/\/esferas.org\/sapiens\/clases\/teatro-ninos\/","title":{"rendered":"Teatro para ni\u00f1os"},"content":{"rendered":"\n<div class=\"wp-block-image\"><figure class=\"aligncenter\"><img loading=\"lazy\" decoding=\"async\" width=\"300\" height=\"200\" src=\"https:\/\/esferas.org\/sapiens\/wp-content\/uploads\/sites\/21\/2019\/01\/teatro-para-ni\u00f1os-1-300x200.jpg\" alt=\"\" class=\"wp-image-232\" srcset=\"https:\/\/esferas.org\/sapiens\/wp-content\/uploads\/sites\/21\/2019\/01\/teatro-para-ni\u00f1os-1-300x200.jpg 300w, https:\/\/esferas.org\/sapiens\/wp-content\/uploads\/sites\/21\/2019\/01\/teatro-para-ni\u00f1os-1-768x512.jpg 768w, https:\/\/esferas.org\/sapiens\/wp-content\/uploads\/sites\/21\/2019\/01\/teatro-para-ni\u00f1os-1-1024x682.jpg 1024w, https:\/\/esferas.org\/sapiens\/wp-content\/uploads\/sites\/21\/2019\/01\/teatro-para-ni\u00f1os-1.jpg 1688w\" sizes=\"auto, (max-width: 300px) 100vw, 300px\" \/><\/figure><\/div>\n\n\n\n<h3 class=\"wp-block-heading\" style=\"text-align:center\">Descripci\u00f3n<\/h3>\n\n\n\n<p>Este taller est\u00e1 dirigido a todos los ni\u00f1os de 5 a 8 a\u00f1os que quieran divertirse y tener un primer contacto con el teatro. <\/p>\n\n\n\n<p>Las clases son muy divertidas y el objetivo principal es potenciar el crecimiento personal del ni\u00f1os, estimulando su creatividad, mejorando su capacidad de comunicaci\u00f3n y de trabajo en equipo.<br><\/p>\n\n\n\n<p>Los grupos ser\u00e1n de 5\/6 y 7\/8 a\u00f1os respectivamente.<\/p>\n\n\n\n<h3 class=\"wp-block-heading\" style=\"text-align:center\">Metodolog\u00eda de trabajo<\/h3>\n\n\n\n<p>El taller se divide en dos etapas: <\/p>\n\n\n\n<p>En la primera de ellas trabajaremos, mediante distintos ejercicios, el juego, la improvisaci\u00f3n, la expresi\u00f3n corporal, la desinhibici\u00f3n, el control espacial y el trabajo en equipo.<\/p>\n\n\n\n<p>En la segunda etapa aplicaremos todo lo aprendido al trabajo con una muestra teatral, con textos sencillos o de creaci\u00f3n colectiva, la creaci\u00f3n de un personaje y el primer contacto con el p\u00fablico.<\/p>\n\n\n\n<h3 class=\"wp-block-heading\" style=\"text-align:center\">Muestras<\/h3>\n\n\n\n<p>Se realizar\u00e1 una muestra final para amigos y familiares.<\/p>\n\n\n\n<h3 class=\"wp-block-heading\" style=\"text-align:center\">Informaci\u00f3n relacionada<\/h3>\n\n\n\n<ul class=\"wp-block-list\"><li><a href=\"https:\/\/esferas.org\/sapiens\/clases\/informacion\/\">Horarios y precios <\/a><\/li><li><a href=\"https:\/\/esferas.org\/sapiens\/clases\/en-clase-de-teatro\/\">Im\u00e1genes de las clases<\/a><\/li><li><a href=\"https:\/\/esferas.org\/sapiens\/clases\/material-audiovisual-clases\/\">Material audiovisual<\/a><\/li><\/ul>\n","protected":false},"excerpt":{"rendered":"<p>Descripci\u00f3n Este taller est\u00e1 dirigido a todos los ni\u00f1os de 5 a 8 a\u00f1os que quieran divertirse y tener un primer contacto con el teatro. Las clases son muy divertidas y el objetivo principal es potenciar el crecimiento personal del ni\u00f1os, estimulando su creatividad, mejorando su capacidad de comunicaci\u00f3n y de trabajo en equipo. Los &hellip; <\/p>\n<p class=\"link-more\"><a href=\"https:\/\/esferas.org\/sapiens\/clases\/teatro-ninos\/\" class=\"more-link\">Continuar leyendo<span class=\"screen-reader-text\"> \u00abTeatro para ni\u00f1os\u00bb<\/span><\/a><\/p>\n","protected":false},"author":1,"featured_media":0,"parent":205,"menu_order":0,"comment_status":"closed","ping_status":"closed","template":"","meta":{"webmentions_disabled_pings":false,"webmentions_disabled":false,"footnotes":""},"class_list":["post-231","page","type-page","status-publish","hentry"],"_links":{"self":[{"href":"https:\/\/esferas.org\/sapiens\/wp-json\/wp\/v2\/pages\/231","targetHints":{"allow":["GET"]}}],"collection":[{"href":"https:\/\/esferas.org\/sapiens\/wp-json\/wp\/v2\/pages"}],"about":[{"href":"https:\/\/esferas.org\/sapiens\/wp-json\/wp\/v2\/types\/page"}],"author":[{"embeddable":true,"href":"https:\/\/esferas.org\/sapiens\/wp-json\/wp\/v2\/users\/1"}],"replies":[{"embeddable":true,"href":"https:\/\/esferas.org\/sapiens\/wp-json\/wp\/v2\/comments?post=231"}],"version-history":[{"count":3,"href":"https:\/\/esferas.org\/sapiens\/wp-json\/wp\/v2\/pages\/231\/revisions"}],"predecessor-version":[{"id":298,"href":"https:\/\/esferas.org\/sapiens\/wp-json\/wp\/v2\/pages\/231\/revisions\/298"}],"up":[{"embeddable":true,"href":"https:\/\/esferas.org\/sapiens\/wp-json\/wp\/v2\/pages\/205"}],"wp:attachment":[{"href":"https:\/\/esferas.org\/sapiens\/wp-json\/wp\/v2\/media?parent=231"}],"curies":[{"name":"wp","href":"https:\/\/api.w.org\/{rel}","templated":true}]}}