{"id":255,"date":"2019-01-30T17:44:38","date_gmt":"2019-01-30T17:44:38","guid":{"rendered":"https:\/\/esferas.org\/sapiens\/?page_id=255"},"modified":"2019-01-30T18:29:00","modified_gmt":"2019-01-30T18:29:00","slug":"informacion","status":"publish","type":"page","link":"https:\/\/esferas.org\/sapiens\/clases\/informacion\/","title":{"rendered":"Informaci\u00f3n pr\u00e1ctica"},"content":{"rendered":"\n<h3 class=\"wp-block-heading\" style=\"text-align:center\">D\u00f3nde y cu\u00e1ndo<\/h3>\n\n\n\n<p>Las clases se desarrollar\u00e1n en Factory Ballet:<\/p>\n\n\n\n<ul class=\"wp-block-list\"><li>Adultos: Factory Ballet 2 \u2013 C\/ del Marqu\u00e9s de Mond\u00e9jar, 26<\/li><li> Ni\u00f1os: Factory Ballet 1 &#8211; C\/ de Don Ram\u00f3n de la Cruz, 67<\/li><\/ul>\n\n\n\n<h3 class=\"wp-block-heading\" style=\"text-align:center\">Duraci\u00f3n de las clases<\/h3>\n\n\n\n<ul class=\"wp-block-list\"><li>Clases de adultos \u2013 2 horas, 1 d\u00eda a la semana (lunes o mi\u00e9rcoles de 19 a 21 h.)<\/li><li> Clases de ni\u00f1os \u2013 1 hora, 1 d\u00eda a la semana<\/li><\/ul>\n\n\n\n<h3 class=\"wp-block-heading\" style=\"text-align:center\">Precios<\/h3>\n\n\n\n<ul class=\"wp-block-list\"><li>Taller de Iniciaci\u00f3n al Teatro: <strong>70\u20ac al mes<\/strong>.<\/li><li>Teatro para ni\u00f1os: <strong>55\u20ac al mes<\/strong>.<\/li><\/ul>\n\n\n\n<h3 class=\"wp-block-heading\" style=\"text-align:center\">M\u00e1s informaci\u00f3n e inscripciones<\/h3>\n\n\n\n<div class=\"wp-block-media-text alignwide has-media-on-the-right\"><figure class=\"wp-block-media-text__media\"><img loading=\"lazy\" decoding=\"async\" width=\"252\" height=\"178\" src=\"https:\/\/esferas.org\/sapiens\/wp-content\/uploads\/sites\/21\/2019\/01\/factory-ballet.jpg\" alt=\"\" class=\"wp-image-226\"\/><\/figure><div class=\"wp-block-media-text__content\">\n<p class=\"has-medium-font-size\"><strong>Factory Ballet<\/strong><br> C\/de Don Ram\u00f3n de la Cruz, 67<br> Tlf.: 914 026 990<\/p>\n<\/div><\/div>\n\n\n\n<div class=\"wp-block-media-text alignwide\"><figure class=\"wp-block-media-text__media\"><img loading=\"lazy\" decoding=\"async\" width=\"1024\" height=\"768\" src=\"https:\/\/esferas.org\/sapiens\/wp-content\/uploads\/sites\/21\/2018\/12\/angela-1024x768.jpg\" alt=\"\" class=\"wp-image-94\" srcset=\"https:\/\/esferas.org\/sapiens\/wp-content\/uploads\/sites\/21\/2018\/12\/angela-1024x768.jpg 1024w, https:\/\/esferas.org\/sapiens\/wp-content\/uploads\/sites\/21\/2018\/12\/angela-300x225.jpg 300w, https:\/\/esferas.org\/sapiens\/wp-content\/uploads\/sites\/21\/2018\/12\/angela-768x576.jpg 768w\" sizes=\"auto, (max-width: 767px) 89vw, (max-width: 1000px) 54vw, (max-width: 1071px) 543px, 580px\" \/><\/figure><div class=\"wp-block-media-text__content\">\n<p><strong>\u00c1ngela Ruiz L\u00f3pez<\/strong><br> <a href=\"mailto:angelaruizlopez@gmail.com\">angelaruizlopez@gmail.com<\/a><br> Tlf.: 617 638 895<\/p>\n<\/div><\/div>\n","protected":false},"excerpt":{"rendered":"<p>D\u00f3nde y cu\u00e1ndo Las clases se desarrollar\u00e1n en Factory Ballet: Adultos: Factory Ballet 2 \u2013 C\/ del Marqu\u00e9s de Mond\u00e9jar, 26 Ni\u00f1os: Factory Ballet 1 &#8211; C\/ de Don Ram\u00f3n de la Cruz, 67 Duraci\u00f3n de las clases Clases de adultos \u2013 2 horas, 1 d\u00eda a la semana (lunes o mi\u00e9rcoles de 19 a &hellip; <\/p>\n<p class=\"link-more\"><a href=\"https:\/\/esferas.org\/sapiens\/clases\/informacion\/\" class=\"more-link\">Continuar leyendo<span class=\"screen-reader-text\"> \u00abInformaci\u00f3n pr\u00e1ctica\u00bb<\/span><\/a><\/p>\n","protected":false},"author":1,"featured_media":0,"parent":205,"menu_order":0,"comment_status":"closed","ping_status":"closed","template":"","meta":{"webmentions_disabled_pings":false,"webmentions_disabled":false,"footnotes":""},"class_list":["post-255","page","type-page","status-publish","hentry"],"_links":{"self":[{"href":"https:\/\/esferas.org\/sapiens\/wp-json\/wp\/v2\/pages\/255","targetHints":{"allow":["GET"]}}],"collection":[{"href":"https:\/\/esferas.org\/sapiens\/wp-json\/wp\/v2\/pages"}],"about":[{"href":"https:\/\/esferas.org\/sapiens\/wp-json\/wp\/v2\/types\/page"}],"author":[{"embeddable":true,"href":"https:\/\/esferas.org\/sapiens\/wp-json\/wp\/v2\/users\/1"}],"replies":[{"embeddable":true,"href":"https:\/\/esferas.org\/sapiens\/wp-json\/wp\/v2\/comments?post=255"}],"version-history":[{"count":2,"href":"https:\/\/esferas.org\/sapiens\/wp-json\/wp\/v2\/pages\/255\/revisions"}],"predecessor-version":[{"id":311,"href":"https:\/\/esferas.org\/sapiens\/wp-json\/wp\/v2\/pages\/255\/revisions\/311"}],"up":[{"embeddable":true,"href":"https:\/\/esferas.org\/sapiens\/wp-json\/wp\/v2\/pages\/205"}],"wp:attachment":[{"href":"https:\/\/esferas.org\/sapiens\/wp-json\/wp\/v2\/media?parent=255"}],"curies":[{"name":"wp","href":"https:\/\/api.w.org\/{rel}","templated":true}]}}