{"id":266,"date":"2019-01-30T17:53:09","date_gmt":"2019-01-30T17:53:09","guid":{"rendered":"https:\/\/esferas.org\/sapiens\/?page_id=266"},"modified":"2019-01-30T18:25:48","modified_gmt":"2019-01-30T18:25:48","slug":"objetivos","status":"publish","type":"page","link":"https:\/\/esferas.org\/sapiens\/clases\/objetivos\/","title":{"rendered":"Objetivos"},"content":{"rendered":"\n<div class=\"wp-block-media-text alignwide has-media-on-the-right\"><figure class=\"wp-block-media-text__media\"><img loading=\"lazy\" decoding=\"async\" width=\"824\" height=\"1024\" src=\"https:\/\/esferas.org\/sapiens\/wp-content\/uploads\/sites\/21\/2019\/01\/elvis-824x1024.png\" alt=\"\" class=\"wp-image-267\" srcset=\"https:\/\/esferas.org\/sapiens\/wp-content\/uploads\/sites\/21\/2019\/01\/elvis-824x1024.png 824w, https:\/\/esferas.org\/sapiens\/wp-content\/uploads\/sites\/21\/2019\/01\/elvis-242x300.png 242w, https:\/\/esferas.org\/sapiens\/wp-content\/uploads\/sites\/21\/2019\/01\/elvis-768x954.png 768w, https:\/\/esferas.org\/sapiens\/wp-content\/uploads\/sites\/21\/2019\/01\/elvis.png 1405w\" sizes=\"auto, (max-width: 767px) 89vw, (max-width: 1000px) 54vw, (max-width: 1071px) 543px, 580px\" \/><\/figure><div class=\"wp-block-media-text__content\">\n<ul class=\"wp-block-list\"><li>Desinhibici\u00f3n<\/li><li> Control y orientaci\u00f3n espacial<\/li><li> Conocimiento del cuerpo como instrumento de trabajo<\/li><li> Control de la voz: proyecci\u00f3n, vocalizaci\u00f3n y subtexto<\/li><li> Manejo de los tiempos y el ritmo<\/li><li> Capacidad de analizar y entender un texto teatral<\/li><li> Capacidad para construir un personaje <\/li><li> Facilidad para hablar en p\u00fablico<\/li><li> Mejora de la relaci\u00f3n con el otro y empat\u00eda<\/li><li> Representaci\u00f3n de una obra de teatro <\/li><\/ul>\n<\/div><\/div>\n","protected":false},"excerpt":{"rendered":"<p>Desinhibici\u00f3n Control y orientaci\u00f3n espacial Conocimiento del cuerpo como instrumento de trabajo Control de la voz: proyecci\u00f3n, vocalizaci\u00f3n y subtexto Manejo de los tiempos y el ritmo Capacidad de analizar y entender un texto teatral Capacidad para construir un personaje Facilidad para hablar en p\u00fablico Mejora de la relaci\u00f3n con el otro y empat\u00eda Representaci\u00f3n &hellip; <\/p>\n<p class=\"link-more\"><a href=\"https:\/\/esferas.org\/sapiens\/clases\/objetivos\/\" class=\"more-link\">Continuar leyendo<span class=\"screen-reader-text\"> \u00abObjetivos\u00bb<\/span><\/a><\/p>\n","protected":false},"author":1,"featured_media":0,"parent":205,"menu_order":0,"comment_status":"closed","ping_status":"closed","template":"","meta":{"webmentions_disabled_pings":false,"webmentions_disabled":false,"footnotes":""},"class_list":["post-266","page","type-page","status-publish","hentry"],"_links":{"self":[{"href":"https:\/\/esferas.org\/sapiens\/wp-json\/wp\/v2\/pages\/266","targetHints":{"allow":["GET"]}}],"collection":[{"href":"https:\/\/esferas.org\/sapiens\/wp-json\/wp\/v2\/pages"}],"about":[{"href":"https:\/\/esferas.org\/sapiens\/wp-json\/wp\/v2\/types\/page"}],"author":[{"embeddable":true,"href":"https:\/\/esferas.org\/sapiens\/wp-json\/wp\/v2\/users\/1"}],"replies":[{"embeddable":true,"href":"https:\/\/esferas.org\/sapiens\/wp-json\/wp\/v2\/comments?post=266"}],"version-history":[{"count":3,"href":"https:\/\/esferas.org\/sapiens\/wp-json\/wp\/v2\/pages\/266\/revisions"}],"predecessor-version":[{"id":309,"href":"https:\/\/esferas.org\/sapiens\/wp-json\/wp\/v2\/pages\/266\/revisions\/309"}],"up":[{"embeddable":true,"href":"https:\/\/esferas.org\/sapiens\/wp-json\/wp\/v2\/pages\/205"}],"wp:attachment":[{"href":"https:\/\/esferas.org\/sapiens\/wp-json\/wp\/v2\/media?parent=266"}],"curies":[{"name":"wp","href":"https:\/\/api.w.org\/{rel}","templated":true}]}}