{"id":57,"date":"2018-12-06T07:41:12","date_gmt":"2018-12-06T07:41:12","guid":{"rendered":"http:\/\/esferas.org\/sapiens\/?page_id=57"},"modified":"2019-01-17T14:18:45","modified_gmt":"2019-01-17T14:18:45","slug":"en-el-teatro-prosperidad","status":"publish","type":"page","link":"https:\/\/esferas.org\/sapiens\/en-el-teatro-prosperidad\/","title":{"rendered":"En el Teatro Prosperidad"},"content":{"rendered":"\n<p>La segunda representaci\u00f3n se realiz\u00f3 el viernes 23 de noviembre de 2018 en el <a href=\"http:\/\/teatroprosperidad.com\/\">Teatro Prosperidad<\/a> de Madrid. <\/p>\n\n\n\n<p>Todo iba bien hasta dos d\u00edas antes cuando nos enteramos de que nuestro compa\u00f1ero Javier no iba a poder estar con nosotros. La directora, \u00c1ngela, le sustituy\u00f3 tras un fren\u00e9tico esfuerzo por ponerse al d\u00eda. <\/p>\n\n\n\n<p>Im\u00e1genes tomadas y cedidas amablemente por <a href=\"http:\/\/www.maxalexander.com\/\">Max Alexander<\/a> para su publicaci\u00f3n.<br><\/p>\n\n\n\n<ul class=\"wp-block-gallery columns-3 wp-block-gallery-1 is-layout-flex wp-block-gallery-is-layout-flex\"><li class=\"blocks-gallery-item\"><figure><img loading=\"lazy\" decoding=\"async\" width=\"824\" height=\"1024\" src=\"https:\/\/esferas.org\/sapiens\/wp-content\/uploads\/sites\/21\/2018\/12\/IMG-20181124-WA0010-824x1024.jpg\" alt=\"\" data-id=\"58\" data-link=\"https:\/\/esferas.org\/sapiens\/?attachment_id=58\" class=\"wp-image-58\" srcset=\"https:\/\/esferas.org\/sapiens\/wp-content\/uploads\/sites\/21\/2018\/12\/IMG-20181124-WA0010.jpg 824w, https:\/\/esferas.org\/sapiens\/wp-content\/uploads\/sites\/21\/2018\/12\/IMG-20181124-WA0010-241x300.jpg 241w, https:\/\/esferas.org\/sapiens\/wp-content\/uploads\/sites\/21\/2018\/12\/IMG-20181124-WA0010-768x954.jpg 768w\" sizes=\"auto, (max-width: 767px) 89vw, (max-width: 1000px) 54vw, (max-width: 1071px) 543px, 580px\" \/><\/figure><\/li><li class=\"blocks-gallery-item\"><figure><img loading=\"lazy\" decoding=\"async\" width=\"1024\" height=\"576\" src=\"https:\/\/esferas.org\/sapiens\/wp-content\/uploads\/sites\/21\/2018\/12\/IMG-20181124-WA0009-1024x576.jpg\" alt=\"\" data-id=\"59\" data-link=\"https:\/\/esferas.org\/sapiens\/?attachment_id=59\" class=\"wp-image-59\" srcset=\"https:\/\/esferas.org\/sapiens\/wp-content\/uploads\/sites\/21\/2018\/12\/IMG-20181124-WA0009-1024x576.jpg 1024w, https:\/\/esferas.org\/sapiens\/wp-content\/uploads\/sites\/21\/2018\/12\/IMG-20181124-WA0009-300x169.jpg 300w, https:\/\/esferas.org\/sapiens\/wp-content\/uploads\/sites\/21\/2018\/12\/IMG-20181124-WA0009-768x432.jpg 768w, https:\/\/esferas.org\/sapiens\/wp-content\/uploads\/sites\/21\/2018\/12\/IMG-20181124-WA0009.jpg 1600w\" sizes=\"auto, (max-width: 767px) 89vw, (max-width: 1000px) 54vw, (max-width: 1071px) 543px, 580px\" \/><\/figure><\/li><li class=\"blocks-gallery-item\"><figure><img loading=\"lazy\" decoding=\"async\" width=\"1024\" height=\"576\" src=\"https:\/\/esferas.org\/sapiens\/wp-content\/uploads\/sites\/21\/2018\/12\/IMG-20181124-WA0008-1024x576.jpg\" alt=\"\" data-id=\"60\" data-link=\"https:\/\/esferas.org\/sapiens\/?attachment_id=60\" class=\"wp-image-60\" srcset=\"https:\/\/esferas.org\/sapiens\/wp-content\/uploads\/sites\/21\/2018\/12\/IMG-20181124-WA0008-1024x576.jpg 1024w, https:\/\/esferas.org\/sapiens\/wp-content\/uploads\/sites\/21\/2018\/12\/IMG-20181124-WA0008-300x169.jpg 300w, https:\/\/esferas.org\/sapiens\/wp-content\/uploads\/sites\/21\/2018\/12\/IMG-20181124-WA0008-768x432.jpg 768w, https:\/\/esferas.org\/sapiens\/wp-content\/uploads\/sites\/21\/2018\/12\/IMG-20181124-WA0008.jpg 1600w\" sizes=\"auto, (max-width: 767px) 89vw, (max-width: 1000px) 54vw, (max-width: 1071px) 543px, 580px\" \/><\/figure><\/li><li class=\"blocks-gallery-item\"><figure><img loading=\"lazy\" decoding=\"async\" width=\"1024\" height=\"576\" src=\"https:\/\/esferas.org\/sapiens\/wp-content\/uploads\/sites\/21\/2018\/12\/IMG-20181124-WA0007-1024x576.jpg\" alt=\"\" data-id=\"61\" data-link=\"https:\/\/esferas.org\/sapiens\/?attachment_id=61\" class=\"wp-image-61\" srcset=\"https:\/\/esferas.org\/sapiens\/wp-content\/uploads\/sites\/21\/2018\/12\/IMG-20181124-WA0007-1024x576.jpg 1024w, https:\/\/esferas.org\/sapiens\/wp-content\/uploads\/sites\/21\/2018\/12\/IMG-20181124-WA0007-300x169.jpg 300w, https:\/\/esferas.org\/sapiens\/wp-content\/uploads\/sites\/21\/2018\/12\/IMG-20181124-WA0007-768x432.jpg 768w, https:\/\/esferas.org\/sapiens\/wp-content\/uploads\/sites\/21\/2018\/12\/IMG-20181124-WA0007.jpg 1600w\" sizes=\"auto, (max-width: 767px) 89vw, (max-width: 1000px) 54vw, (max-width: 1071px) 543px, 580px\" \/><\/figure><\/li><li class=\"blocks-gallery-item\"><figure><img loading=\"lazy\" decoding=\"async\" width=\"576\" height=\"1024\" src=\"https:\/\/esferas.org\/sapiens\/wp-content\/uploads\/sites\/21\/2018\/12\/IMG-20181124-WA0006-576x1024.jpg\" alt=\"\" data-id=\"62\" data-link=\"https:\/\/esferas.org\/sapiens\/?attachment_id=62\" class=\"wp-image-62\" srcset=\"https:\/\/esferas.org\/sapiens\/wp-content\/uploads\/sites\/21\/2018\/12\/IMG-20181124-WA0006-576x1024.jpg 576w, https:\/\/esferas.org\/sapiens\/wp-content\/uploads\/sites\/21\/2018\/12\/IMG-20181124-WA0006-169x300.jpg 169w, https:\/\/esferas.org\/sapiens\/wp-content\/uploads\/sites\/21\/2018\/12\/IMG-20181124-WA0006-768x1365.jpg 768w, https:\/\/esferas.org\/sapiens\/wp-content\/uploads\/sites\/21\/2018\/12\/IMG-20181124-WA0006.jpg 900w\" sizes=\"auto, (max-width: 576px) 100vw, 576px\" \/><\/figure><\/li><li class=\"blocks-gallery-item\"><figure><img loading=\"lazy\" decoding=\"async\" width=\"1024\" height=\"576\" src=\"https:\/\/esferas.org\/sapiens\/wp-content\/uploads\/sites\/21\/2018\/12\/IMG-20181124-WA0005-1024x576.jpg\" alt=\"\" data-id=\"63\" data-link=\"https:\/\/esferas.org\/sapiens\/?attachment_id=63\" class=\"wp-image-63\" srcset=\"https:\/\/esferas.org\/sapiens\/wp-content\/uploads\/sites\/21\/2018\/12\/IMG-20181124-WA0005-1024x576.jpg 1024w, https:\/\/esferas.org\/sapiens\/wp-content\/uploads\/sites\/21\/2018\/12\/IMG-20181124-WA0005-300x169.jpg 300w, https:\/\/esferas.org\/sapiens\/wp-content\/uploads\/sites\/21\/2018\/12\/IMG-20181124-WA0005-768x432.jpg 768w, https:\/\/esferas.org\/sapiens\/wp-content\/uploads\/sites\/21\/2018\/12\/IMG-20181124-WA0005.jpg 1600w\" sizes=\"auto, (max-width: 767px) 89vw, (max-width: 1000px) 54vw, (max-width: 1071px) 543px, 580px\" \/><\/figure><\/li><li class=\"blocks-gallery-item\"><figure><img loading=\"lazy\" decoding=\"async\" width=\"1024\" height=\"576\" src=\"https:\/\/esferas.org\/sapiens\/wp-content\/uploads\/sites\/21\/2018\/12\/IMG-20181124-WA0004-1024x576.jpg\" alt=\"\" data-id=\"64\" data-link=\"https:\/\/esferas.org\/sapiens\/?attachment_id=64\" class=\"wp-image-64\" srcset=\"https:\/\/esferas.org\/sapiens\/wp-content\/uploads\/sites\/21\/2018\/12\/IMG-20181124-WA0004-1024x576.jpg 1024w, https:\/\/esferas.org\/sapiens\/wp-content\/uploads\/sites\/21\/2018\/12\/IMG-20181124-WA0004-300x169.jpg 300w, https:\/\/esferas.org\/sapiens\/wp-content\/uploads\/sites\/21\/2018\/12\/IMG-20181124-WA0004-768x432.jpg 768w, https:\/\/esferas.org\/sapiens\/wp-content\/uploads\/sites\/21\/2018\/12\/IMG-20181124-WA0004.jpg 1600w\" sizes=\"auto, (max-width: 767px) 89vw, (max-width: 1000px) 54vw, (max-width: 1071px) 543px, 580px\" \/><\/figure><\/li><li class=\"blocks-gallery-item\"><figure><img loading=\"lazy\" decoding=\"async\" width=\"1024\" height=\"576\" src=\"https:\/\/esferas.org\/sapiens\/wp-content\/uploads\/sites\/21\/2018\/12\/IMG-20181124-WA0003-1024x576.jpg\" alt=\"\" data-id=\"65\" data-link=\"https:\/\/esferas.org\/sapiens\/?attachment_id=65\" class=\"wp-image-65\" srcset=\"https:\/\/esferas.org\/sapiens\/wp-content\/uploads\/sites\/21\/2018\/12\/IMG-20181124-WA0003-1024x576.jpg 1024w, https:\/\/esferas.org\/sapiens\/wp-content\/uploads\/sites\/21\/2018\/12\/IMG-20181124-WA0003-300x169.jpg 300w, https:\/\/esferas.org\/sapiens\/wp-content\/uploads\/sites\/21\/2018\/12\/IMG-20181124-WA0003-768x432.jpg 768w, https:\/\/esferas.org\/sapiens\/wp-content\/uploads\/sites\/21\/2018\/12\/IMG-20181124-WA0003.jpg 1600w\" sizes=\"auto, (max-width: 767px) 89vw, (max-width: 1000px) 54vw, (max-width: 1071px) 543px, 580px\" \/><\/figure><\/li><li class=\"blocks-gallery-item\"><figure><img loading=\"lazy\" decoding=\"async\" width=\"1024\" height=\"576\" src=\"https:\/\/esferas.org\/sapiens\/wp-content\/uploads\/sites\/21\/2018\/12\/IMG-20181124-WA0002-1024x576.jpg\" alt=\"\" data-id=\"66\" data-link=\"https:\/\/esferas.org\/sapiens\/?attachment_id=66\" class=\"wp-image-66\" srcset=\"https:\/\/esferas.org\/sapiens\/wp-content\/uploads\/sites\/21\/2018\/12\/IMG-20181124-WA0002-1024x576.jpg 1024w, https:\/\/esferas.org\/sapiens\/wp-content\/uploads\/sites\/21\/2018\/12\/IMG-20181124-WA0002-300x169.jpg 300w, https:\/\/esferas.org\/sapiens\/wp-content\/uploads\/sites\/21\/2018\/12\/IMG-20181124-WA0002-768x432.jpg 768w, https:\/\/esferas.org\/sapiens\/wp-content\/uploads\/sites\/21\/2018\/12\/IMG-20181124-WA0002.jpg 1600w\" sizes=\"auto, (max-width: 767px) 89vw, (max-width: 1000px) 54vw, (max-width: 1071px) 543px, 580px\" \/><\/figure><\/li><li class=\"blocks-gallery-item\"><figure><img loading=\"lazy\" decoding=\"async\" width=\"1024\" height=\"576\" src=\"https:\/\/esferas.org\/sapiens\/wp-content\/uploads\/sites\/21\/2018\/12\/IMG-20181124-WA0001-1024x576.jpg\" alt=\"\" data-id=\"67\" data-link=\"https:\/\/esferas.org\/sapiens\/?attachment_id=67\" class=\"wp-image-67\" srcset=\"https:\/\/esferas.org\/sapiens\/wp-content\/uploads\/sites\/21\/2018\/12\/IMG-20181124-WA0001-1024x576.jpg 1024w, https:\/\/esferas.org\/sapiens\/wp-content\/uploads\/sites\/21\/2018\/12\/IMG-20181124-WA0001-300x169.jpg 300w, https:\/\/esferas.org\/sapiens\/wp-content\/uploads\/sites\/21\/2018\/12\/IMG-20181124-WA0001-768x432.jpg 768w, https:\/\/esferas.org\/sapiens\/wp-content\/uploads\/sites\/21\/2018\/12\/IMG-20181124-WA0001.jpg 1600w\" sizes=\"auto, (max-width: 767px) 89vw, (max-width: 1000px) 54vw, (max-width: 1071px) 543px, 580px\" \/><\/figure><\/li><\/ul>\n","protected":false},"excerpt":{"rendered":"<p>La segunda representaci\u00f3n se realiz\u00f3 el viernes 23 de noviembre de 2018 en el Teatro Prosperidad de Madrid. Todo iba bien hasta dos d\u00edas antes cuando nos enteramos de que nuestro compa\u00f1ero Javier no iba a poder estar con nosotros. La directora, \u00c1ngela, le sustituy\u00f3 tras un fren\u00e9tico esfuerzo por ponerse al d\u00eda. Im\u00e1genes tomadas &hellip; <\/p>\n<p class=\"link-more\"><a href=\"https:\/\/esferas.org\/sapiens\/en-el-teatro-prosperidad\/\" class=\"more-link\">Continuar leyendo<span class=\"screen-reader-text\"> \u00abEn el Teatro Prosperidad\u00bb<\/span><\/a><\/p>\n","protected":false},"author":1,"featured_media":0,"parent":0,"menu_order":0,"comment_status":"closed","ping_status":"closed","template":"","meta":{"webmentions_disabled_pings":false,"webmentions_disabled":false,"footnotes":""},"class_list":["post-57","page","type-page","status-publish","hentry"],"_links":{"self":[{"href":"https:\/\/esferas.org\/sapiens\/wp-json\/wp\/v2\/pages\/57","targetHints":{"allow":["GET"]}}],"collection":[{"href":"https:\/\/esferas.org\/sapiens\/wp-json\/wp\/v2\/pages"}],"about":[{"href":"https:\/\/esferas.org\/sapiens\/wp-json\/wp\/v2\/types\/page"}],"author":[{"embeddable":true,"href":"https:\/\/esferas.org\/sapiens\/wp-json\/wp\/v2\/users\/1"}],"replies":[{"embeddable":true,"href":"https:\/\/esferas.org\/sapiens\/wp-json\/wp\/v2\/comments?post=57"}],"version-history":[{"count":4,"href":"https:\/\/esferas.org\/sapiens\/wp-json\/wp\/v2\/pages\/57\/revisions"}],"predecessor-version":[{"id":198,"href":"https:\/\/esferas.org\/sapiens\/wp-json\/wp\/v2\/pages\/57\/revisions\/198"}],"wp:attachment":[{"href":"https:\/\/esferas.org\/sapiens\/wp-json\/wp\/v2\/media?parent=57"}],"curies":[{"name":"wp","href":"https:\/\/api.w.org\/{rel}","templated":true}]}}