{"id":9,"date":"2018-12-06T07:23:46","date_gmt":"2018-12-06T07:23:46","guid":{"rendered":"http:\/\/esferas.org\/sapiens\/?page_id=9"},"modified":"2018-12-07T08:38:37","modified_gmt":"2018-12-07T08:38:37","slug":"compania","status":"publish","type":"page","link":"https:\/\/esferas.org\/sapiens\/","title":{"rendered":"La compa\u00f1ia"},"content":{"rendered":"<p><img loading=\"lazy\" decoding=\"async\" class=\"alignright size-thumbnail wp-image-11\" src=\"http:\/\/esferas.org\/sapiens\/wp-content\/uploads\/sites\/21\/2018\/12\/theatre-15-150x150.png\" alt=\"\" width=\"150\" height=\"150\" srcset=\"https:\/\/esferas.org\/sapiens\/wp-content\/uploads\/sites\/21\/2018\/12\/theatre-15-150x150.png 150w, https:\/\/esferas.org\/sapiens\/wp-content\/uploads\/sites\/21\/2018\/12\/theatre-15-300x300.png 300w, https:\/\/esferas.org\/sapiens\/wp-content\/uploads\/sites\/21\/2018\/12\/theatre-15-768x768.png 768w, https:\/\/esferas.org\/sapiens\/wp-content\/uploads\/sites\/21\/2018\/12\/theatre-15-100x100.png 100w, https:\/\/esferas.org\/sapiens\/wp-content\/uploads\/sites\/21\/2018\/12\/theatre-15.png 800w\" sizes=\"auto, (max-width: 150px) 100vw, 150px\" \/>SAPIENS TEATRO est\u00e1 formado por un grupo de profesionales muy diversos pero que tienen en com\u00fan su afici\u00f3n al teatro, y la directora de escena \u00c1ngela Ruiz. Personas que con mucha ilusi\u00f3n e implicaci\u00f3n decidieron unirse en esta maravillosa aventura que es el teatro.<\/p>\n<p>Vamos a cumplir dos a\u00f1os y aqu\u00ed estamos, como aut\u00e9nticos beb\u00e9s, entregados a la tarea de conocer el mundo con ojos de ni\u00f1o, recuperando nuestra capacidad de juego, imaginaci\u00f3n y creatividad. Y es que cuando nacemos cada cosa es un descubrimiento, los olores, las texturas, los colores, las formas&#8230; todo.<\/p>\n<p>Sin embargo, hay cosas innatas que sabemos hacer en nuestros primeros a\u00f1os de vida y que luego olvidamos, y en ello estamos en SAPIENS TEATRO, en recuperar esa capacidad.<\/p>\n<p>Parece que fue ayer cuando resonaban en el aula las risas y las palabras \u201cZas, boing, fiuuu&#8230;\u201d, uno de los ejercicios del primer d\u00eda, que en ese momento tan raros nos resultaban. Desde entonces hemos hecho muchas cosas, empezamos trabajando ejercicios de desinhibici\u00f3n, control espacial, cuerpo, trabajo en equipo y comunicaci\u00f3n con los compa\u00f1eros, m\u00e1s adelante introdujimos las improvisaciones, el trabajo de la voz y nuestras primeras peque\u00f1as construcciones de escenas&#8230; Hasta llegar a la fase fascinante del trabajocon un texto teatral y la construcci\u00f3n de personajes.<\/p>\n<p>Como resultado de ese trabajo presentamos hoy \u201cCasi \u00d1aque\u201d, un montaje que hemos trabajado con esfuerzo, dedicaci\u00f3n y mucho cari\u00f1o&#8230; Hay una parte muy importante del teatro que es el p\u00fablico, el teatro cobra su sentido absoluto cuando existe una comunicaci\u00f3n entre actor y espectador. Por ahora hemos sido actores y p\u00fablico dentro del aula, pero en este momento necesitamos de su colaboraci\u00f3n. Eso s\u00ed, s\u00f3lo le pedimos una cosa, trate de ver nuestra obra&#8230; con ojos de ni\u00f1o.<\/p>\n","protected":false},"excerpt":{"rendered":"<p>SAPIENS TEATRO est\u00e1 formado por un grupo de profesionales muy diversos pero que tienen en com\u00fan su afici\u00f3n al teatro, y la directora de escena \u00c1ngela Ruiz. Personas que con mucha ilusi\u00f3n e implicaci\u00f3n decidieron unirse en esta maravillosa aventura que es el teatro. Vamos a cumplir dos a\u00f1os y aqu\u00ed estamos, como aut\u00e9nticos beb\u00e9s, &hellip; <\/p>\n<p class=\"link-more\"><a href=\"https:\/\/esferas.org\/sapiens\/\" class=\"more-link\">Continuar leyendo<span class=\"screen-reader-text\"> \u00abLa compa\u00f1ia\u00bb<\/span><\/a><\/p>\n","protected":false},"author":1,"featured_media":0,"parent":0,"menu_order":0,"comment_status":"closed","ping_status":"closed","template":"","meta":{"webmentions_disabled_pings":false,"webmentions_disabled":false,"footnotes":""},"class_list":["post-9","page","type-page","status-publish","hentry"],"_links":{"self":[{"href":"https:\/\/esferas.org\/sapiens\/wp-json\/wp\/v2\/pages\/9","targetHints":{"allow":["GET"]}}],"collection":[{"href":"https:\/\/esferas.org\/sapiens\/wp-json\/wp\/v2\/pages"}],"about":[{"href":"https:\/\/esferas.org\/sapiens\/wp-json\/wp\/v2\/types\/page"}],"author":[{"embeddable":true,"href":"https:\/\/esferas.org\/sapiens\/wp-json\/wp\/v2\/users\/1"}],"replies":[{"embeddable":true,"href":"https:\/\/esferas.org\/sapiens\/wp-json\/wp\/v2\/comments?post=9"}],"version-history":[{"count":5,"href":"https:\/\/esferas.org\/sapiens\/wp-json\/wp\/v2\/pages\/9\/revisions"}],"predecessor-version":[{"id":179,"href":"https:\/\/esferas.org\/sapiens\/wp-json\/wp\/v2\/pages\/9\/revisions\/179"}],"wp:attachment":[{"href":"https:\/\/esferas.org\/sapiens\/wp-json\/wp\/v2\/media?parent=9"}],"curies":[{"name":"wp","href":"https:\/\/api.w.org\/{rel}","templated":true}]}}